{"id":8,"date":"2020-01-28T06:36:26","date_gmt":"2020-01-28T05:36:26","guid":{"rendered":"http:\/\/sch\u00fctzen-heddesheim.de\/?page_id=8"},"modified":"2023-06-18T21:25:15","modified_gmt":"2023-06-18T19:25:15","slug":"kontakt","status":"publish","type":"page","link":"https:\/\/www.sch\u00fctzen-heddesheim.de\/index.php\/kontakt\/","title":{"rendered":"Impressum"},"content":{"rendered":"\n<p>Angaben gem. \u00a7 5 Telemediengesetz (TMG)<\/p>\n\n\n\n<p><strong>Anschrift<\/strong><br>Sch\u00fctzengesellschaft 1894 e. V.<br>Am Bundesbahnhof 15<br>68542 Heddesheim<\/p>\n\n\n\n<p>Telefon: 06203 \/ 4 16 11<br>E-Mail: OSM.Matulic@sch\u00fctzen-heddesheim.de <br>Internet: www.sch\u00fctzen-heddesheim.de<\/p>\n\n\n\n<p><strong>Vertretungsberechtigte Personen<\/strong><br>Obersch\u00fctzenmeister Bastian Matulic<br>Sch\u00fctzenmeister Sascha Schr\u00f6der<br>Schatzmeister Matthias Schl\u00f6gl<\/p>\n\n\n\n<p><strong>Rechtliche Hinweise<\/strong><br>Amtsgericht Weinheim VR 143<br>Vereinssitz: 68542 Heddesheim<br>Finanzamt Weinheim 47025\/04845<\/p>\n\n\n\n<p>Inhaltlich Verantwortlicher gem\u00e4\u00df \u00a7 10 Absatz 3 MDStV: ???<\/p>\n\n\n\n<h2 class=\"wp-block-heading\">Haftungsausschluss<\/h2>\n\n\n\n<p><strong>Inhalt des Onlineangebotes <\/strong><br>Die Autoren \u00fcbernehmen keinerlei Gew\u00e4hr f\u00fcr die Aktualit\u00e4t, Korrektheit, Vollst\u00e4ndigkeit oder Qualit\u00e4t der bereitgestellten Informationen. Haftungsanspr\u00fcche gegen die Autoren, welche sich auf Sch\u00e4den materieller oder ideeller Art beziehen, die durch die Nutzung oder Nichtnutzung der dargebotenen Informationen bzw. durch die Nutzung fehlerhafter und unvollst\u00e4ndiger Informationen verursacht wurden, sind grunds\u00e4tzlich ausgeschlossen, sofern seitens der Autoren kein nachweislich vors\u00e4tzliches oder grob fahrl\u00e4ssiges Verschulden vorliegt. Alle Angebote sind freibleibend und unverbindlich. Der Autor beh\u00e4lt es sich ausdr\u00fccklich vor, Teile der Seiten oder das gesamte Angebot ohne gesonderte Ank\u00fcndigung zu ver\u00e4ndern, zu erg\u00e4nzen, zu l\u00f6schen oder die Ver\u00f6ffentlichung zeitweise oder endg\u00fcltig einzustellen. Sollten Teile dieser Webseiten die rechte Dritter verletzen oder gegen gesetzliche Bestimmungen versto\u00dfen, so bitten wir Sie, uns dies ohne Zusendung einer Kostennote per E-Mail mitzuteilen. Die Rechtsverletzung wird dann umgehend entfernt.<\/p>\n\n\n\n<p><strong>Verweise und Links<\/strong><br>Trotz sorgf\u00e4ltiger inhaltlicher Kontrolle \u00fcbernehmen wir keine Haftung f\u00fcr die Inhalte externer Links. F\u00fcr den Inhalt der verlinkten Seiten sind ausschlie\u00dflich deren Betreiber verantwortlich. F\u00fcr alle diese Links gilt: Wir erkl\u00e4ren dass wir keinerlei Einfluss auf die Gestaltung und die Inhalte der gelinkten Seiten haben. Deshalb distanzieren wir uns hiermit ausdr\u00fccklich von allen Inhalten aller gelinkten Seiten auf unserer Website.<\/p>\n\n\n\n<p><strong>Urheber- Kennzeichenrecht<\/strong><br>Die Autoren sind bestrebt, in allen Publikationen die Urheberrechte der verwendeten Bilder, Grafiken, Tondokumente, Videosequenzen und Texte zu beachten, von ihnen selbst erstellte Bilder, Grafiken, Tondokumente, Videosequenzen und Texte zu nutzen oder auf lizenzfreie Grafiken, Tondokumente, Videosequenzen und Texte zur\u00fcckzugreifen. Alle innerhalb des Internetangebotes genannten und ggf. durch Dritte gesch\u00fctzten Marken- und Warenzeichen unterliegen uneingeschr\u00e4nkt den Bestimmungen des jeweils g\u00fcltigen Kennzeichenrechts und den Besitzrechten der jeweiligen eingetragenen Eigent\u00fcmer. Allein aufgrund der blo\u00dfen Nennung ist nicht der Schluss zu ziehen, dass Markenzeichen nicht durch Rechte Dritter gesch\u00fctzt sind! Das Copyright f\u00fcr ver\u00f6ffentlichte, von den Autoren selbst erstellte Objekte bleibt allein bei den Autoren der Seiten. Eine Vervielf\u00e4ltigung oder Verwendung solcher Grafiken, Tondokumente, Videosequenzen und Texte in anderen elektronischen oder gedruckten Publikationen ist ohne ausdr\u00fcckliche Zustimmung der Autoren nicht gestattet.<\/p>\n\n\n\n<p><strong>Rechtswirksamkeit dieses Haftungsausschlusses<\/strong> Dieser Haftungsausschluss ist als Teil des Internetangebotes zu betrachten, von dem aus auf diese Seite verwiesen wurde. Sofern Teile oder einzelne Formulierungen dieses Textes der geltenden Rechtslage nicht, nicht mehr oder nicht vollst\u00e4ndig entsprechen sollten, bleiben die \u00fcbrigen Teile des Dokumentes in ihrem Inhalt und ihrer G\u00fcltigkeit davon unber\u00fchrt.<\/p>\n\n\n\n<p>Besteht keine Verpflichtung zur Bestellung eines Datenschutzbeauftragten, muss sich der Vereinsvorstand selbst um die Einhaltung des Datenschutzes durch den Verein k\u00fcmmern (\u00a7 4g Abs. 2a BDSG). Er kann auch auf freiwilliger Basis einen Datenschutzbeauftragten bestellen.<br><br>Letzte Aktualisierung 01.02.2020<\/p>\n","protected":false},"excerpt":{"rendered":"<p>Angaben gem. \u00a7 5 Telemediengesetz (TMG) AnschriftSch\u00fctzengesellschaft 1894 e. V.Am Bundesbahnhof 1568542 Heddesheim Telefon: 06203 \/ 4 16 11E-Mail: OSM.Matulic@sch\u00fctzen-heddesheim.de<\/p>\n","protected":false},"author":1,"featured_media":0,"parent":0,"menu_order":0,"comment_status":"closed","ping_status":"closed","template":"","meta":{"footnotes":""},"_links":{"self":[{"href":"https:\/\/www.sch\u00fctzen-heddesheim.de\/index.php\/wp-json\/wp\/v2\/pages\/8"}],"collection":[{"href":"https:\/\/www.sch\u00fctzen-heddesheim.de\/index.php\/wp-json\/wp\/v2\/pages"}],"about":[{"href":"https:\/\/www.sch\u00fctzen-heddesheim.de\/index.php\/wp-json\/wp\/v2\/types\/page"}],"author":[{"embeddable":true,"href":"https:\/\/www.sch\u00fctzen-heddesheim.de\/index.php\/wp-json\/wp\/v2\/users\/1"}],"replies":[{"embeddable":true,"href":"https:\/\/www.sch\u00fctzen-heddesheim.de\/index.php\/wp-json\/wp\/v2\/comments?post=8"}],"version-history":[{"count":8,"href":"https:\/\/www.sch\u00fctzen-heddesheim.de\/index.php\/wp-json\/wp\/v2\/pages\/8\/revisions"}],"predecessor-version":[{"id":344,"href":"https:\/\/www.sch\u00fctzen-heddesheim.de\/index.php\/wp-json\/wp\/v2\/pages\/8\/revisions\/344"}],"wp:attachment":[{"href":"https:\/\/www.sch\u00fctzen-heddesheim.de\/index.php\/wp-json\/wp\/v2\/media?parent=8"}],"curies":[{"name":"wp","href":"https:\/\/api.w.org\/{rel}","templated":true}]}}