{"id":7,"date":"2020-01-28T06:36:26","date_gmt":"2020-01-28T05:36:26","guid":{"rendered":"http:\/\/sch\u00fctzen-heddesheim.de\/?page_id=7"},"modified":"2020-01-31T06:23:08","modified_gmt":"2020-01-31T05:23:08","slug":"ueber-uns","status":"publish","type":"page","link":"https:\/\/www.sch\u00fctzen-heddesheim.de\/index.php\/ueber-uns\/","title":{"rendered":"Verein"},"content":{"rendered":"\n<div class=\"wp-block-image\"><figure class=\"alignleft size-large\"><img loading=\"lazy\" decoding=\"async\" width=\"130\" height=\"155\" src=\"http:\/\/sch\u00fctzen-heddesheim.de\/wp-content\/uploads\/2020\/01\/wimpel.jpg\" alt=\"\" class=\"wp-image-88\"\/><\/figure><\/div>\n\n\n\n<p>Zehn M\u00e4nner legten den Grundstein zum heutigen Verein, der Ende 2016 noch 135 Mitglieder hat. Unser modernes Sch\u00fctzenhaus steht im Gewerbegebiet von Heddesheim.<br> Vereinszweck ist die Freizeitgestaltung mit Sportschie\u00dfen und die Pflege des traditionellen deutschen Sch\u00fctzenbrauchtums. F\u00fcr das sportliche \u00dcbungsschie\u00dfen stehen Schie\u00dfst\u00e4nde f\u00fcr Luftgewehr, Luftpistole, KK-Gewehr und Sportpistole zur Verf\u00fcgung. Au\u00dferdem kann auch Gro\u00dfkaliber und Vorderlader geschossen werden. Neben der Aus\u00fcbung des Schie\u00dfsportes dient das Sch\u00fctzenhaus und unser Verein aber auch der Pflege der Geselligkeit und der Kameradschaft f\u00fcr alle Mitglieder und Freunde. Die sportlichen Erfolge unserer Mitglieder k\u00f6nnen sich sehen lassen, wie die immer wieder erzielten Ergebnisse bei zahlreichen Rundenk\u00e4mpfen, Kreis- und Vereinsmeisterschaften oder beim K\u00f6nig- und Pokal-Schie\u00dfen beweisen.<\/p>\n\n\n\n<p> F\u00fcr einen j\u00e4hrlichen Mitgliederbeitrag f\u00fchren wir interessierte Menschen, die Freude am Schie\u00dfen haben, unter qualifizierter Anleitung in diese anspruchsvolle Freizeitaktivit\u00e4t ein. Qualifizierte \u00dcbungsleiter zeigen Ihnen den richtigen Umgang mit den Waffen und die richtigen Schusstechniken. Unsere Ausbildung ist \u00fcberwiegend praxisorientiert, d.h. wir versuchen neuen Mitgliedern schnelle Schie\u00dferfolge zu vermitteln, um ihnen fr\u00fch die M\u00f6glichkeit zu geben, auch an Wettbewerben teilzunehmen. Unser Verein engagiert sich auch in seiner Gemeinde mit diversen \u00f6ffentlichen Veranstaltungen. Ganz besonders m\u00f6chten wir in diesem Zusammenhang auf unser j\u00e4hrliches Ostereierschie\u00dfen hinweisen. Diese Veranstaltung kommt in der Bev\u00f6lkerung sehr gut an und ist jedes Jahr gut besucht.<\/p>\n\n\n\n<p>Lust auf mehr ? Dann schauen Sie doch einfach mal rein. Wir trainieren jeden Mittwoch und Sonntag.<\/p>\n\n\n\n<p><\/p>\n","protected":false},"excerpt":{"rendered":"<p>Zehn M\u00e4nner legten den Grundstein zum heutigen Verein, der Ende 2016 noch 135 Mitglieder hat. Unser modernes Sch\u00fctzenhaus steht im<\/p>\n","protected":false},"author":1,"featured_media":0,"parent":0,"menu_order":0,"comment_status":"closed","ping_status":"closed","template":"","meta":{"footnotes":""},"_links":{"self":[{"href":"https:\/\/www.sch\u00fctzen-heddesheim.de\/index.php\/wp-json\/wp\/v2\/pages\/7"}],"collection":[{"href":"https:\/\/www.sch\u00fctzen-heddesheim.de\/index.php\/wp-json\/wp\/v2\/pages"}],"about":[{"href":"https:\/\/www.sch\u00fctzen-heddesheim.de\/index.php\/wp-json\/wp\/v2\/types\/page"}],"author":[{"embeddable":true,"href":"https:\/\/www.sch\u00fctzen-heddesheim.de\/index.php\/wp-json\/wp\/v2\/users\/1"}],"replies":[{"embeddable":true,"href":"https:\/\/www.sch\u00fctzen-heddesheim.de\/index.php\/wp-json\/wp\/v2\/comments?post=7"}],"version-history":[{"count":5,"href":"https:\/\/www.sch\u00fctzen-heddesheim.de\/index.php\/wp-json\/wp\/v2\/pages\/7\/revisions"}],"predecessor-version":[{"id":93,"href":"https:\/\/www.sch\u00fctzen-heddesheim.de\/index.php\/wp-json\/wp\/v2\/pages\/7\/revisions\/93"}],"wp:attachment":[{"href":"https:\/\/www.sch\u00fctzen-heddesheim.de\/index.php\/wp-json\/wp\/v2\/media?parent=7"}],"curies":[{"name":"wp","href":"https:\/\/api.w.org\/{rel}","templated":true}]}}