{"id":65,"date":"2020-01-30T07:17:04","date_gmt":"2020-01-30T06:17:04","guid":{"rendered":"http:\/\/sch\u00fctzen-heddesheim.de\/?page_id=65"},"modified":"2020-02-02T06:33:16","modified_gmt":"2020-02-02T05:33:16","slug":"vereinschronik","status":"publish","type":"page","link":"https:\/\/www.sch\u00fctzen-heddesheim.de\/index.php\/vereinschronik\/","title":{"rendered":"Vereinschronik"},"content":{"rendered":"\n<p>Auf dieser Seite erfahren Sie alles \u00fcber die Anf\u00e4nge und die Geschichte unseres Vereins.<br>Auszug aus der Chronik von Adolf Stamm, erschienen in der Festzeitschrift der 100j\u00e4hrigen Jubil\u00e4umsveranstaltung am 9. und 10. September 1994.<\/p>\n\n\n\n<h2 class=\"wp-block-heading\"><strong>Geschichtlicher \u00dcberblick<\/strong><\/h2>\n\n\n\n<p>Beginnen wir unsere Vereinschronik mit dem offiziell \u00fcberlieferten Erstgr\u00fcndungsdatum im Jahr 1894. Zehn M\u00e4nner legten den Grundstein zum heutigen Verein, der jetzt Ende des Jahres 2015 noch 124 Mitglieder hat. Die Gr\u00fcnder sind namentlich bekannt, sie hie\u00dfen:<br>Josef Herdner<br>Johann Rudolf Schmidt<br>Julius Schmidt<br>Adam Menz<br>Peter Kettner<br>Leonard Menz<br>Adam Bach III<br>August W\u00fcrth<br>Fritz Fath<br>Adolf Schmitt<\/p>\n\n\n\n<p>Zu diesem ersten Gr\u00fcnderkern gesellten sich dann in den n\u00e4chsten Jahren, vor und nach der Jahrhundertwende noch eine weitere Anzahl bekannter Mitgliedsnamen, um nur einige zu nennen:<br>Georg Knapp, Georg Ebinger I, Josef Klemm, Stephan Menz, Johann Ganninger, Johann-Jakob Gerstner, Leonard Alles I, Heinrich Wanner I, Phillip Geisinger, Emil Krau\u00df, August Moos, Peter Schick, Heinrich Gassner, Wilhelm Menz, Fritz Kessler, Phillip Kemmet, Jakob Edinger, Georg Bach, Georg M\u00fcller, Jakob Kemmet und Valentin Schnitzler.<\/p>\n\n\n\n<p>Unsere Altvorderen aus diesen Gr\u00fcnderjahren hatten nat\u00fcrlich auch den Wunsch, einen Schie\u00dfstand zu besitzen. So wurde am n\u00f6rdlichen Dorfrand von Heddesheim, dort wo jetzt der Hundezucht- und der Kleintierzuchtverein ihre Domizile haben, ein Schie\u00dfstand mit einem Aufenthaltsh\u00e4uschen gebaut. Geschossen wurde hier mit Scheibengewehren auf 150 m, f\u00fcr die man auch selbst die Bleikugeln goss. Diese erste Schie\u00dfanlage wurde vom Sch\u00fctzenverein sp\u00e4ter aus unbekannten Gr\u00fcnden wieder aufgegeben. Zeitzeugen konnten sich aber erinnern, dass nach der ersten Gr\u00fcnderperiode eine Schie\u00dfanlage auf dem alten Sportplatz an der Schrie\u00dfheimer Stra\u00dfe bestand. Hier wurde mit Luft- und KK-Gewehren geschossen. Auch ein kleines Vereinshaus fehlte nicht.<\/p>\n\n\n\n<p>Schlechte Bodenverh\u00e4ltnisse (Wasser) und die ver\u00e4nderte \u201epolitische Gro\u00dfwetterlage\u201c Mitte der 30er Jahre, lie\u00dfen bald die Aktivit\u00e4ten des Vereins in dieser Schie\u00dfanlage mehr und mehr schwinden und bei Beginn des II. Weltkrieges 1939 ganz zum Erliegen kommen. Aus dieser Zeit haben wir leider keine weiteren Informationen.<\/p>\n\n\n\n<p>Unsere Chronik geht daher im Jahr 1953, mit der Neugr\u00fcndung der Sch\u00fctzengesellschaft 1894 e.V. Heddesheim weiter. Im Sommer jenes Jahres fanden sich 69 Sch\u00fctzenkameraden zusammen, um ihrem Verein neue Impulse zu geben. Aus dieser Gr\u00fcnderzeit weilt heute im Jahr 2013 noch das Ehrenmitglied Robert Gerstner unter uns.<\/p>\n\n\n\n<p>Nach der Gr\u00fcndungsversammlung ging man nun frisch und mit Elan ans Werk. Bereits im Dezember 1953 lud die Sch\u00fctzengesellschaft Heddesheim zum ersten K\u00f6nigsball, nach der Neugr\u00fcndung, ein. Dieses Fest fand in der alten Gastst\u00e4tte \u201eHirsch\u201c statt. In feierlichem Rahmen konnte der damals amtierende 1. Vorsitzende Karl Bauer, die zu diesem Anla\u00df gestiftete neue K\u00f6nigskette, an den ersten Heddesheimer Sch\u00fctzenk\u00f6nig, nach dem Krieg, Eduard Zdimal, \u00fcbergeben. Der Erfolg dieser ersten, gr\u00f6\u00dferen gesellschaftlichen Veranstaltung der Heddesheimer Sch\u00fctzen fand in der Bev\u00f6lkerung, sowie in der Presse gro\u00dfen Widerhall und legte damit den Grundstein f\u00fcr weitere Festlichkeiten. Bereits ein Jahr sp\u00e4ter, im Jahr 1945, konnte unter gro\u00dfer Beteiligung der Heddesheimer Sch\u00fctzen, der Nachbarvereine und der Bev\u00f6lkerung das 60j\u00e4hrige Vereinsjubil\u00e4um gefeiert werden. 1956 \u00fcbergab dann die Vorstandschaft, mit dem 1. Vorsitzende Willi Schimpf, dem Verein eine neue Satzung, deren Grundz\u00fcge auch in der sp\u00e4ter \u00fcberarbeiteten Fassung noch heute G\u00fcltigkeit hat.<\/p>\n\n\n\n<p>Federf\u00fchrend f\u00fcr Satzung und Neubeginn im Vereinsgeschehen waren damals:<br>Willi Schimpf: 1.Vorstand und OSM<br>Fritz J\u00f6st: 2.Vorstand und SM<br>Elmar Krau\u00df: Schatzmeister<br>Hermann Voltenauer: Schriftf\u00fchrer<br>Heinz Weinmann: Ger\u00e4tewart<br>Walter Gerstner: Oberschie\u00dfleiter<br>Eduard Zdimal: Schie\u00dfleiter<br>Georg Arnold: Jugendleiter<br>Joachim Bach: stellv. Jugendleiter<br>Beir\u00e4te: Ernst Krau\u00df, Wilhelm Menz<br>Revisoren: Fritz Apfel, August Krau\u00df<\/p>\n\n\n\n<p>Seit der Wiedergr\u00fcndung des Vereins im Jahr 1953 fanden die schie\u00df-sportlichen Aktivit\u00e4ten in den S\u00e4len der Heddesheimer Lokale \u201eHirsch\u201c und \u201eEngel\u201c statt. Geschossen wurde hier mit Luftgewehren auf 10 m Distanz. Die in diesen Gastst\u00e4tten improvisiert betriebenen Schie\u00dfst\u00e4nde gen\u00fcgten aber zunehmend nicht mehr den sportlichen Erfordernissen, so dass man nach anderen \u00d6rtlichkeiten Ausschau hielt. Im Jahr 1957 stellte das Vereinsmitglied Alfred Krau\u00df dem Verein ein Grundst\u00fcck (auf Erbpacht) am Bundesbahnhof zur Verf\u00fcgung, welches dann auch zur Bebauung freigegeben wurde. Unter Leitung der damals amtierenden Obersch\u00fctzenmeister Willi Schimpf und sp\u00e4ter Ernst J\u00f6st wurden zun\u00e4chst 7 Luftgewehrst\u00e4nde gebaut, auch mit einem Aufenthaltsraum und einer Lokalit\u00e4t. In den nachfolgenden Jahren wurde dann diese Schie\u00dfanlage unter Mitwirkung vieler Mitglieder und Freunde des Vereins, erweitert und vollendet.<\/p>\n\n\n\n<p>F\u00fcr das sportliche \u00dcbungsschie\u00dfen, Vereinsmeisterschaften und Rundenwettk\u00e4mpfe standen nun, wie auch heute noch, Schie\u00dfst\u00e4nde f\u00fcr Luftgewehr, Luftpistole, KK-Gewehr und Sportpistole zur Verf\u00fcgung und haben schon manchem treffsicheren Sch\u00fctzen Siegstroph\u00e4en eingebracht.<\/p>\n\n\n\n<p>In dieser Vereinschronik wollen wir aber auch das Jahr 1974 nicht vergessen, das im Zeichen des 80j\u00e4hrigen Vereinsjubil\u00e4ums stand und mit der Weihe der neuen Vereinsfahne verbunden war. Anl\u00e4sslich des Jubil\u00e4umsballes am 7. September 1974 in der Nordbadenhalle nahm der stellv. Landessch\u00fctzenmeister Karl Otto Kniehl, im Beisein zahlreicher Ehreng\u00e4ste und der Bergstr\u00e4\u00dfer Sch\u00fctzenprominenz, die feierliche Weihe vor.<\/p>\n\n\n\n<p>In den zur\u00fcckliegenden Jahren, bis zur Gegenwart, etablierten sich die Heddesheimer Sch\u00fctzen weiter im Leben der Tabakgemeinde. Das j\u00e4hrliche Ostereierschie\u00dfen wird von den Mitgliedern des Vereins, aber auch von der eingeladenen Bev\u00f6lkerung, ob jung oder alt, gern angenommen und mit Erfolg durchgef\u00fchrt. Auch der traditionelle Abmarsch des Heddesheimer Sommertagsumzuges wird mit drei B\u00f6llersch\u00fcssen von unseren Sch\u00fctzen er\u00f6ffnet und zum Start freigegeben.<\/p>\n\n\n\n<p>Ein wichtiger Abschnitt in der Vereinsgeschichte war das Jubil\u00e4umsfest im Jahr 1994. Dieses 100j\u00e4hrige Jubil\u00e4um wurde am 9. und 10. September 1994 in der Nordbadenhalle mit vielen G\u00e4sten, Freunden, Sch\u00fctzenschwestern und Sch\u00fctzenbr\u00fcdern aus nah und fern, in festlichem Rahmen gefeiert. Ein besonderes Ereignis war hierbei der Aufmarsch der Vereinsabordnungen mit Fahnen. Anl\u00e4sslich des Jubil\u00e4ums wurde auch erstmalig eine Festzeitschrift gedruckt, in welcher die Vereinsgeschichte der SG Heddesheim 1894 e.V. in Worten und Bildern festgehalten ist.<\/p>\n\n\n\n<p>Schlie\u00dfen wir unsere Vereinschronik mit einem weiteren bedeutsamen Abschnitt in der Geschichte des Vereins: Der Bau des neuen Sch\u00fctzenhauses. Begonnen im Jahr 2001, fertig gestellt im Jahr 2002, wurde das Sch\u00fctzenhaus in nur 12 Monaten gebaut. Diese kurze Bauzeit war ein Verdienst der zahlreichen aktiven Vereinsmitglieder und deren Ehepartner. Aus diesem Grunde gab es auch im Rahmen eines Familienabends am 6. Juli 2002 Ehrungen des Landes- und Kreisverbandes, die damit das au\u00dfergew\u00f6hnliche Engagement des vergangenen Jahres w\u00fcrdigen wollten. Insgesamt 15 bronzene und silberne Anstecknadeln wurden verliehen. Eine Ehrungsflut wie noch nie.<\/p>\n\n\n\n<p>Mit dem Blick in die Zukunft verbindet uns Sch\u00fctzen der Wunsch, da\u00df die Sch\u00fctzengesellschaft 1894 e.V. noch viele Jahres Bestand habe. M\u00f6ge das Sch\u00fctzenhaus immer eine St\u00e4tte der Begegnung sein, in der das sportliche und gesellschaftliche Vereinsleben eine Heimat hat.<\/p>\n","protected":false},"excerpt":{"rendered":"<p>Auf dieser Seite erfahren Sie alles \u00fcber die Anf\u00e4nge und die Geschichte unseres Vereins.Auszug aus der Chronik von Adolf Stamm,<\/p>\n","protected":false},"author":1,"featured_media":0,"parent":0,"menu_order":0,"comment_status":"closed","ping_status":"closed","template":"","meta":{"footnotes":""},"_links":{"self":[{"href":"https:\/\/www.sch\u00fctzen-heddesheim.de\/index.php\/wp-json\/wp\/v2\/pages\/65"}],"collection":[{"href":"https:\/\/www.sch\u00fctzen-heddesheim.de\/index.php\/wp-json\/wp\/v2\/pages"}],"about":[{"href":"https:\/\/www.sch\u00fctzen-heddesheim.de\/index.php\/wp-json\/wp\/v2\/types\/page"}],"author":[{"embeddable":true,"href":"https:\/\/www.sch\u00fctzen-heddesheim.de\/index.php\/wp-json\/wp\/v2\/users\/1"}],"replies":[{"embeddable":true,"href":"https:\/\/www.sch\u00fctzen-heddesheim.de\/index.php\/wp-json\/wp\/v2\/comments?post=65"}],"version-history":[{"count":1,"href":"https:\/\/www.sch\u00fctzen-heddesheim.de\/index.php\/wp-json\/wp\/v2\/pages\/65\/revisions"}],"predecessor-version":[{"id":66,"href":"https:\/\/www.sch\u00fctzen-heddesheim.de\/index.php\/wp-json\/wp\/v2\/pages\/65\/revisions\/66"}],"wp:attachment":[{"href":"https:\/\/www.sch\u00fctzen-heddesheim.de\/index.php\/wp-json\/wp\/v2\/media?parent=65"}],"curies":[{"name":"wp","href":"https:\/\/api.w.org\/{rel}","templated":true}]}}