{"id":39,"date":"2020-01-30T05:39:56","date_gmt":"2020-01-30T04:39:56","guid":{"rendered":"http:\/\/sch\u00fctzen-heddesheim.de\/?page_id=39"},"modified":"2023-06-18T20:52:51","modified_gmt":"2023-06-18T18:52:51","slug":"jugendarbeit","status":"publish","type":"page","link":"https:\/\/www.sch\u00fctzen-heddesheim.de\/index.php\/jugendarbeit\/","title":{"rendered":"Jugendarbeit"},"content":{"rendered":"\n<p><strong>Teilnahme an der Kreismeisterschaft 2022<\/strong><\/p>\n\n\n\n<p>Die Jugend der SG Heddesheim hat am Samstag, den 26.03.2022 in Hemsbach, an der Kreismeisterschaft in den Disziplinen Luftgewehr und Luftpistole erfolgreich mit folgenden Ergebnissen teilgenommen:<\/p>\n\n\n\n<p>2. Platz: Laura Winkler, Luftgewehr Junioren I weiblich<\/p>\n\n\n\n<p>1. Platz: Tim Veres, Luftpistole Jugend m\u00e4nnlich<\/p>\n\n\n\n<p>1. Platz: Kevin Jordan, Luftpistole Junioren I m\u00e4nnlich<\/p>\n\n\n\n<p>Es war toll, nach dieser langen Zeit, endlich mal wieder unter Einhaltung der Corona-Regelungen an einem Wettkampf teilnehmen zu d\u00fcrfen. Wir gratulieren allen teilnehmenden Sch\u00fctzen zum erfolgreichen Wettkampf.<\/p>\n\n\n\n<p>L.W.<\/p>\n\n\n\n<figure class=\"wp-block-image size-large is-resized\"><img loading=\"lazy\" decoding=\"async\" src=\"https:\/\/www.sch\u00fctzen-heddesheim.de\/wp-content\/uploads\/2022\/04\/Schuetzenverein_1-1024x768.jpeg\" alt=\"\" class=\"wp-image-249\" width=\"458\" height=\"344\" srcset=\"https:\/\/www.sch\u00fctzen-heddesheim.de\/wp-content\/uploads\/2022\/04\/Schuetzenverein_1-1024x768.jpeg 1024w, https:\/\/www.sch\u00fctzen-heddesheim.de\/wp-content\/uploads\/2022\/04\/Schuetzenverein_1-300x225.jpeg 300w, https:\/\/www.sch\u00fctzen-heddesheim.de\/wp-content\/uploads\/2022\/04\/Schuetzenverein_1-768x576.jpeg 768w, https:\/\/www.sch\u00fctzen-heddesheim.de\/wp-content\/uploads\/2022\/04\/Schuetzenverein_1-1536x1152.jpeg 1536w, https:\/\/www.sch\u00fctzen-heddesheim.de\/wp-content\/uploads\/2022\/04\/Schuetzenverein_1.jpeg 1600w\" sizes=\"(max-width: 458px) 100vw, 458px\" \/><\/figure>\n\n\n\n<p><\/p>\n\n\n\n<p>Hier erfahren Sie alles Wissenswertes \u00fcber die Vereinsarbeit mit unseren Jugendlichen.<br> Das Schie\u00dftraining beginnt fr\u00fchestens im Alter von 12 Jahren. Vorher ist Jugendlichen der Umgang mit Waffen \u2013 auch mit Luftdruckwaffen \u2013 im Regelfall untersagt. Mit einer Ausnahmegenehmigung d\u00fcrfen Jugendliche jedoch Luftdruckwaffen bis 7,5 Joule bereits im Alter von 10 Jahren schie\u00dfen.<\/p>\n\n\n\n<figure class=\"wp-block-image size-large\"><img loading=\"lazy\" decoding=\"async\" width=\"860\" height=\"309\" src=\"http:\/\/sch\u00fctzen-heddesheim.de\/wp-content\/uploads\/2020\/01\/Jugend-2-e1580409311337.jpg\" alt=\"\" class=\"wp-image-76\" srcset=\"https:\/\/www.sch\u00fctzen-heddesheim.de\/wp-content\/uploads\/2020\/01\/Jugend-2-e1580409311337.jpg 860w, https:\/\/www.sch\u00fctzen-heddesheim.de\/wp-content\/uploads\/2020\/01\/Jugend-2-e1580409311337-300x108.jpg 300w, https:\/\/www.sch\u00fctzen-heddesheim.de\/wp-content\/uploads\/2020\/01\/Jugend-2-e1580409311337-768x276.jpg 768w\" sizes=\"(max-width: 860px) 100vw, 860px\" \/><\/figure>\n\n\n\n<p>Gesetzlich geregelt ist, dass Sch\u00fctzen, die j\u00fcnger als 14 Jahre sind, gar keine andere Sportwaffe in die Hand nehmen d\u00fcrfen. Jugendliche ab 14 Jahren d\u00fcrfen Kleinkaliber schie\u00dfen, wenn der Sorgeberechtigte seine Zustimmung erteilt hat, oder anwesend ist und eine zur Kinder- und Jugendarbeit geeignete Person das Schie\u00dfen beaufsichtigt.<br> Ausnahme: Jugendliche die Mitglied in einem Sch\u00fctzenverein sind, d\u00fcrfen ab 14 Jahren Kleinkaliber schie\u00dfen, ohne dass der Sorgeberechtigte zustimmen muss. Der Gesetzgeber setzt bei Jugendlichen im Verein voraus, dass die Anmeldung von den Eltern erfolgt ist und da es sich um einen Sch\u00fctzenverein handelt diese mit dem Zweck einverstanden sind.<\/p>\n\n\n\n<p><br> Schie\u00dfen mit Gro\u00dfkaliber ist ab 18 Jahren erlaubt.<br> Unserem Verein kann man ab zw\u00f6lf Jahren beitreten<br> F\u00fcr die Betreuung der Jugendlichen steht im Verein ein erfahrener Sportsch\u00fctze als Jugendtrainer zur Verf\u00fcgung:<br> Kevin Jordan<\/p>\n\n\n\n<p>Trainingszeiten:<br> Donnerstag 19:00 \u2013 20:30<\/p>\n\n\n\n<p><br>Kommt doch mal vorbei und schnuppert hinein. Vielleicht macht es euch Spa\u00df. Ihr k\u00f6nnt auch mal ein Probetraining vereinbaren. Der Verein stellt hierzu die Waffen und die Munition.<\/p>\n\n\n\n<div class=\"wp-block-group is-layout-flow wp-block-group-is-layout-flow\"><div class=\"wp-block-group__inner-container\"><\/div><\/div>\n\n\n\n<p><\/p>\n","protected":false},"excerpt":{"rendered":"<p>Teilnahme an der Kreismeisterschaft 2022 Die Jugend der SG Heddesheim hat am Samstag, den 26.03.2022 in Hemsbach, an der Kreismeisterschaft<\/p>\n","protected":false},"author":1,"featured_media":0,"parent":0,"menu_order":0,"comment_status":"closed","ping_status":"closed","template":"","meta":{"footnotes":""},"_links":{"self":[{"href":"https:\/\/www.sch\u00fctzen-heddesheim.de\/index.php\/wp-json\/wp\/v2\/pages\/39"}],"collection":[{"href":"https:\/\/www.sch\u00fctzen-heddesheim.de\/index.php\/wp-json\/wp\/v2\/pages"}],"about":[{"href":"https:\/\/www.sch\u00fctzen-heddesheim.de\/index.php\/wp-json\/wp\/v2\/types\/page"}],"author":[{"embeddable":true,"href":"https:\/\/www.sch\u00fctzen-heddesheim.de\/index.php\/wp-json\/wp\/v2\/users\/1"}],"replies":[{"embeddable":true,"href":"https:\/\/www.sch\u00fctzen-heddesheim.de\/index.php\/wp-json\/wp\/v2\/comments?post=39"}],"version-history":[{"count":12,"href":"https:\/\/www.sch\u00fctzen-heddesheim.de\/index.php\/wp-json\/wp\/v2\/pages\/39\/revisions"}],"predecessor-version":[{"id":342,"href":"https:\/\/www.sch\u00fctzen-heddesheim.de\/index.php\/wp-json\/wp\/v2\/pages\/39\/revisions\/342"}],"wp:attachment":[{"href":"https:\/\/www.sch\u00fctzen-heddesheim.de\/index.php\/wp-json\/wp\/v2\/media?parent=39"}],"curies":[{"name":"wp","href":"https:\/\/api.w.org\/{rel}","templated":true}]}}