{"id":14,"date":"2020-01-28T06:36:26","date_gmt":"2020-01-28T05:36:26","guid":{"rendered":"http:\/\/sch\u00fctzen-heddesheim.de\/?page_id=14"},"modified":"2025-02-13T19:26:27","modified_gmt":"2025-02-13T18:26:27","slug":"startseite","status":"publish","type":"page","link":"https:\/\/www.sch\u00fctzen-heddesheim.de\/index.php\/","title":{"rendered":"Sch\u00fctzengesellschaft Heddesheim 1894 e.V."},"content":{"rendered":"\n<figure class=\"wp-block-image size-full is-resized\"><img loading=\"lazy\" decoding=\"async\" width=\"991\" height=\"1364\" src=\"https:\/\/www.sch\u00fctzen-heddesheim.de\/wp-content\/uploads\/2024\/10\/Wappen-weiss.jpg\" alt=\"\" class=\"wp-image-649\" style=\"width:210px;height:auto\" srcset=\"https:\/\/www.sch\u00fctzen-heddesheim.de\/wp-content\/uploads\/2024\/10\/Wappen-weiss.jpg 991w, https:\/\/www.sch\u00fctzen-heddesheim.de\/wp-content\/uploads\/2024\/10\/Wappen-weiss-218x300.jpg 218w, https:\/\/www.sch\u00fctzen-heddesheim.de\/wp-content\/uploads\/2024\/10\/Wappen-weiss-744x1024.jpg 744w, https:\/\/www.sch\u00fctzen-heddesheim.de\/wp-content\/uploads\/2024\/10\/Wappen-weiss-768x1057.jpg 768w\" sizes=\"(max-width: 991px) 100vw, 991px\" \/><\/figure>\n\n\n\n<p>Die Sch\u00fctzengesellschaft Heddesheim wurde im Jahre 1894 gegr\u00fcndet. <br>Unser Verein steht allen offen, die Interesse am Schie\u00dfsport haben und somit gilt: <br>Einfach mal vorbeischauen und ein Probetraining vereinbaren. <br>Der Verein stellt hierzu die Waffen und die Munition!<br>Informieren Sie sich hier \u00fcber aktuelle Aktivit\u00e4ten und Veranstaltungen unseres Vereins. <\/p>\n\n\n\n<p><\/p>\n\n\n\n<figure class=\"wp-block-image size-large is-resized\"><img loading=\"lazy\" decoding=\"async\" width=\"1024\" height=\"543\" src=\"https:\/\/www.sch\u00fctzen-heddesheim.de\/wp-content\/uploads\/2022\/07\/Schuetzengesellschaft_2-1024x543.jpeg\" alt=\"\" class=\"wp-image-273\" style=\"aspect-ratio:1.8850574712643677;width:432px;height:auto\" srcset=\"https:\/\/www.sch\u00fctzen-heddesheim.de\/wp-content\/uploads\/2022\/07\/Schuetzengesellschaft_2-1024x543.jpeg 1024w, https:\/\/www.sch\u00fctzen-heddesheim.de\/wp-content\/uploads\/2022\/07\/Schuetzengesellschaft_2-300x159.jpeg 300w, https:\/\/www.sch\u00fctzen-heddesheim.de\/wp-content\/uploads\/2022\/07\/Schuetzengesellschaft_2-768x408.jpeg 768w, https:\/\/www.sch\u00fctzen-heddesheim.de\/wp-content\/uploads\/2022\/07\/Schuetzengesellschaft_2-1536x815.jpeg 1536w, https:\/\/www.sch\u00fctzen-heddesheim.de\/wp-content\/uploads\/2022\/07\/Schuetzengesellschaft_2.jpeg 1600w\" sizes=\"(max-width: 1024px) 100vw, 1024px\" \/><\/figure>\n\n\n\n<hr class=\"wp-block-separator has-alpha-channel-opacity\"\/>\n\n\n\n<h2 class=\"wp-block-heading\"><strong>\u00d6ffnungszeiten<\/strong><\/h2>\n\n\n\n<p><strong>jeden Mittwoch im Monat: 18:00 &#8211; 21:00 Uhr<\/strong><br><strong>jeden 1. Sonntag im Monat: 09:30 &#8211; 12:00 Uhr<br>jeden 3. Freitag im Monat: 18:00 &#8211; 21:00 Uhr<\/strong><br><strong>ist das Sch\u00fctzenhaus offen f\u00fcr den Schiessbetrieb<\/strong><\/p>\n\n\n\n<p><\/p>\n","protected":false},"excerpt":{"rendered":"<p>Die Sch\u00fctzengesellschaft Heddesheim wurde im Jahre 1894 gegr\u00fcndet. Unser Verein steht allen offen, die Interesse am Schie\u00dfsport haben und somit<\/p>\n","protected":false},"author":1,"featured_media":0,"parent":0,"menu_order":0,"comment_status":"closed","ping_status":"closed","template":"","meta":{"footnotes":""},"_links":{"self":[{"href":"https:\/\/www.sch\u00fctzen-heddesheim.de\/index.php\/wp-json\/wp\/v2\/pages\/14"}],"collection":[{"href":"https:\/\/www.sch\u00fctzen-heddesheim.de\/index.php\/wp-json\/wp\/v2\/pages"}],"about":[{"href":"https:\/\/www.sch\u00fctzen-heddesheim.de\/index.php\/wp-json\/wp\/v2\/types\/page"}],"author":[{"embeddable":true,"href":"https:\/\/www.sch\u00fctzen-heddesheim.de\/index.php\/wp-json\/wp\/v2\/users\/1"}],"replies":[{"embeddable":true,"href":"https:\/\/www.sch\u00fctzen-heddesheim.de\/index.php\/wp-json\/wp\/v2\/comments?post=14"}],"version-history":[{"count":23,"href":"https:\/\/www.sch\u00fctzen-heddesheim.de\/index.php\/wp-json\/wp\/v2\/pages\/14\/revisions"}],"predecessor-version":[{"id":743,"href":"https:\/\/www.sch\u00fctzen-heddesheim.de\/index.php\/wp-json\/wp\/v2\/pages\/14\/revisions\/743"}],"wp:attachment":[{"href":"https:\/\/www.sch\u00fctzen-heddesheim.de\/index.php\/wp-json\/wp\/v2\/media?parent=14"}],"curies":[{"name":"wp","href":"https:\/\/api.w.org\/{rel}","templated":true}]}}