{"id":112,"date":"2020-02-01T06:12:19","date_gmt":"2020-02-01T05:12:19","guid":{"rendered":"http:\/\/sch\u00fctzen-heddesheim.de\/?page_id=112"},"modified":"2024-06-27T21:39:03","modified_gmt":"2024-06-27T19:39:03","slug":"links","status":"publish","type":"page","link":"https:\/\/www.sch\u00fctzen-heddesheim.de\/index.php\/links\/","title":{"rendered":"Links"},"content":{"rendered":"\n<p>Hier finden Sie Links zu anderen Vereinen, zu Verb\u00e4nde und Kreise:<\/p>\n\n\n\n<div class=\"wp-block-group is-layout-constrained wp-block-group-is-layout-constrained\"><div class=\"wp-block-group__inner-container\"><div class=\"wp-block-image\">\n<figure class=\"alignleft size-full is-resized\"><img loading=\"lazy\" decoding=\"async\" width=\"65\" height=\"93\" src=\"https:\/\/www.sch\u00fctzen-heddesheim.de\/wp-content\/uploads\/2024\/06\/image-1.png\" alt=\"\" class=\"wp-image-565\" style=\"width:62px;height:auto\"\/><\/figure><\/div>\n\n\n<p><br><a aria-label=\" (\u00f6ffnet in neuem Tab)\" href=\"http:\/\/www.ssk7-weinheim.de\" target=\"_blank\" rel=\"noreferrer noopener\"><strong>Sportsch\u00fctzenkreis 7 Weinheim<\/strong><\/a> <\/p>\n<\/div><\/div>\n\n\n\n<p><\/p>\n\n\n\n<div class=\"wp-block-group is-layout-constrained wp-block-group-is-layout-constrained\"><div class=\"wp-block-group__inner-container\"><div class=\"wp-block-image\">\n<figure class=\"alignleft size-full is-resized\"><img loading=\"lazy\" decoding=\"async\" width=\"84\" height=\"39\" src=\"https:\/\/www.sch\u00fctzen-heddesheim.de\/wp-content\/uploads\/2024\/06\/image-2.png\" alt=\"\" class=\"wp-image-566\" style=\"width:84px;height:auto\"\/><\/figure><\/div>\n\n\n<p><a aria-label=\" (\u00f6ffnet in neuem Tab)\" href=\"http:\/\/www.dsb.de\" target=\"_blank\" rel=\"noreferrer noopener\"><strong>Deutscher Sch\u00fctzenbund<\/strong><\/a><\/p>\n<\/div><\/div>\n\n\n\n<p><\/p>\n\n\n\n<div class=\"wp-block-group is-layout-constrained wp-block-group-is-layout-constrained\"><div class=\"wp-block-group__inner-container\"><div class=\"wp-block-image\">\n<figure class=\"alignleft size-full is-resized\"><img loading=\"lazy\" decoding=\"async\" width=\"282\" height=\"291\" src=\"https:\/\/www.sch\u00fctzen-heddesheim.de\/wp-content\/uploads\/2024\/06\/image-5.png\" alt=\"\" class=\"wp-image-569\" style=\"width:82px;height:auto\"\/><\/figure><\/div>\n\n\n<p><br><a aria-label=\"Badischer Sportsch\u00fctzenverband (\u00f6ffnet in neuem Tab)\" href=\"http:\/\/www.bsvleimen.de\/\" target=\"_blank\" rel=\"noreferrer noopener\"><strong>Badischer Sportsch\u00fctzenverband<\/strong><\/a><\/p>\n<\/div><\/div>\n\n\n\n<p><\/p>\n\n\n\n<div class=\"wp-block-group is-layout-constrained wp-block-group-is-layout-constrained\"><div class=\"wp-block-group__inner-container\">\n<div class=\"wp-block-group is-layout-constrained wp-block-group-is-layout-constrained\"><div class=\"wp-block-group__inner-container\"><div class=\"wp-block-image\">\n<figure class=\"alignleft size-full is-resized\"><img loading=\"lazy\" decoding=\"async\" width=\"194\" height=\"55\" src=\"https:\/\/www.sch\u00fctzen-heddesheim.de\/wp-content\/uploads\/2024\/06\/image-3.png\" alt=\"\" class=\"wp-image-567\" style=\"width:128px;height:auto\"\/><\/figure><\/div>\n\n\n<p><a href=\"https:\/\/www.badischer-sportbund.de\/startseite\/\" target=\"_blank\" rel=\"noreferrer noopener\"><strong>Badischer Sportbund<\/strong><\/a><\/p>\n<\/div><\/div>\n<\/div><\/div>\n\n\n\n<p><\/p>\n\n\n\n<div class=\"wp-block-group is-layout-constrained wp-block-group-is-layout-constrained\"><div class=\"wp-block-group__inner-container\">\n<ul>\n<li><a href=\"https:\/\/ssv-weinheim.de\/\" target=\"_blank\" rel=\"noreferrer noopener\">Sportsch\u00fctzenverein Weinheim 1923 e.V.<\/a><\/li>\n\n\n\n<li><a href=\"http:\/\/www.ssv-altenbach.de\/\" data-type=\"link\" data-id=\"http:\/\/www.ssv-altenbach.de\/\" target=\"_blank\" rel=\"noreferrer noopener\">Sportsch\u00fctzenverein Altenbach 1909 e.V.<\/a><\/li>\n\n\n\n<li><a aria-label=\"Sportsch\u00fctzenverein Hemsbach (\u00f6ffnet in neuem Tab)\" href=\"http:\/\/www.ssv-hemsbach.de\/\" target=\"_blank\" rel=\"noreferrer noopener\">Sportsch\u00fctzenverein Hemsbach<\/a><\/li>\n\n\n\n<li><a aria-label=\"Sportsch\u00fctzenverein Oberflockenbach (\u00f6ffnet in neuem Tab)\" href=\"http:\/\/www.ssvoberflockenbach.de\/\" target=\"_blank\" rel=\"noreferrer noopener\">Sportsch\u00fctzenverein Oberflockenbach<\/a><\/li>\n\n\n\n<li><a href=\"https:\/\/sv1965hirschburg.de\/\" target=\"_blank\" rel=\"noreferrer noopener\">Sch\u00fctzenverein 1965 Hirschburg e.V.<\/a><\/li>\n\n\n\n<li><a aria-label=\"Sportsch\u00fctzenverein Laudenbach (\u00f6ffnet in neuem Tab)\" href=\"http:\/\/www.ssv-laudenbach.de\/\" target=\"_blank\" rel=\"noreferrer noopener\">Sportsch\u00fctzenverein Laudenbach<\/a><\/li>\n\n\n\n<li><a href=\"https:\/\/www.ssv-luetzelsachsen.de\/\" data-type=\"link\" data-id=\"https:\/\/www.ssv-luetzelsachsen.de\/\" target=\"_blank\" rel=\"noreferrer noopener\">Sportsch\u00fctzenverein L\u00fctzelsachsen 1932 e.V.<\/a><\/li>\n\n\n\n<li><a href=\"https:\/\/sg-neckarhausen.de\/\" data-type=\"link\" data-id=\"https:\/\/sg-neckarhausen.de\/\" target=\"_blank\" rel=\"noreferrer noopener\">Sportsch\u00fctzengesellschaft Neckarhausen 1937 e.V.<\/a><\/li>\n\n\n\n<li><a href=\"https:\/\/ssv-strahlenburg.de\/\" target=\"_blank\" rel=\"noreferrer noopener\">Sportsch\u00fctzenverein 1874 Strahlenburg e.V. , Schriesheim<\/a><\/li>\n<\/ul>\n<\/div><\/div>\n\n\n\n<div class=\"wp-block-group is-layout-constrained wp-block-group-is-layout-constrained\"><div class=\"wp-block-group__inner-container\">\n<p><\/p>\n\n\n\n<p><\/p>\n\n\n\n<p><strong>Haftung f\u00fcr Inhalte und Links<\/strong><br>Diese Website enth\u00e4lt Verkn\u00fcpfungen zu Websites Dritter (\u201eexterne Links\u201c). Diese Websites unterliegen der Haftung der jeweiligen Betreiber. Der Anbieter hat bei der erstmaligen Verkn\u00fcpfung der externen Links die fremden Inhalte daraufhin \u00fcberpr\u00fcft, ob etwaige Rechtsverst\u00f6sse bestehen. Zu dem Zeitpunkt waren keine Rechtsverst\u00f6sse ersichtlich. Der Anbieter hat keinerlei Einfluss auf die aktuelle und zuk\u00fcnftige Gestaltung und auf die Inhalte der verkn\u00fcpften Seiten. Das Setzen von externen Links bedeutet nicht, dass sich der Anbieter die hinter dem Verweis oder Link liegenden Inhalte zu Eigen macht. Eine st\u00e4ndige Kontrolle der externen Links ist f\u00fcr den Anbieter ohne konkrete Hinweise auf Rechtsverst\u00f6sse nicht zumutbar. Bei Kenntnis von Rechtsverst\u00f6ssen werden jedoch derartige externe Links unverz\u00fcglich gel\u00f6scht.<\/p>\n<\/div><\/div>\n","protected":false},"excerpt":{"rendered":"<p>Hier finden Sie Links zu anderen Vereinen, zu Verb\u00e4nde und Kreise: Sportsch\u00fctzenkreis 7 Weinheim Deutscher Sch\u00fctzenbund Badischer Sportsch\u00fctzenverband Badischer Sportbund<\/p>\n","protected":false},"author":1,"featured_media":0,"parent":0,"menu_order":0,"comment_status":"closed","ping_status":"closed","template":"","meta":{"footnotes":""},"_links":{"self":[{"href":"https:\/\/www.sch\u00fctzen-heddesheim.de\/index.php\/wp-json\/wp\/v2\/pages\/112"}],"collection":[{"href":"https:\/\/www.sch\u00fctzen-heddesheim.de\/index.php\/wp-json\/wp\/v2\/pages"}],"about":[{"href":"https:\/\/www.sch\u00fctzen-heddesheim.de\/index.php\/wp-json\/wp\/v2\/types\/page"}],"author":[{"embeddable":true,"href":"https:\/\/www.sch\u00fctzen-heddesheim.de\/index.php\/wp-json\/wp\/v2\/users\/1"}],"replies":[{"embeddable":true,"href":"https:\/\/www.sch\u00fctzen-heddesheim.de\/index.php\/wp-json\/wp\/v2\/comments?post=112"}],"version-history":[{"count":16,"href":"https:\/\/www.sch\u00fctzen-heddesheim.de\/index.php\/wp-json\/wp\/v2\/pages\/112\/revisions"}],"predecessor-version":[{"id":692,"href":"https:\/\/www.sch\u00fctzen-heddesheim.de\/index.php\/wp-json\/wp\/v2\/pages\/112\/revisions\/692"}],"wp:attachment":[{"href":"https:\/\/www.sch\u00fctzen-heddesheim.de\/index.php\/wp-json\/wp\/v2\/media?parent=112"}],"curies":[{"name":"wp","href":"https:\/\/api.w.org\/{rel}","templated":true}]}}